{"id":1789,"date":"2024-01-31T16:09:27","date_gmt":"2024-01-31T16:09:27","guid":{"rendered":"http:\/\/www.academiadehomeopatia.es\/?post_type=product&#038;p=1789"},"modified":"2024-02-01T18:23:32","modified_gmt":"2024-02-01T18:23:32","slug":"seminario-benidorm-potencias-lm","status":"publish","type":"product","link":"https:\/\/www.academiadehomeopatia.es\/index.php\/producto\/seminario-benidorm-potencias-lm\/","title":{"rendered":"Seminario Benidorm, Potencias LM"},"content":{"rendered":"<h4><b><a href=\"http:\/\/www.academiadehomeopatia.es\/wp-content\/uploads\/2024\/01\/Folleto-Benidorm-1-1.pdf\" target=\"_blank\" rel=\"noopener noreferrer\"><img loading=\"lazy\" class=\"alignnone size-medium wp-image-1800\" src=\"http:\/\/www.academiadehomeopatia.es\/wp-content\/uploads\/2024\/01\/Seminario-Benidorm-1-211x300.png\" alt=\"\" width=\"211\" height=\"300\" srcset=\"https:\/\/www.academiadehomeopatia.es\/wp-content\/uploads\/2024\/01\/Seminario-Benidorm-1-211x300.png 211w, https:\/\/www.academiadehomeopatia.es\/wp-content\/uploads\/2024\/01\/Seminario-Benidorm-1-300x426.png 300w, https:\/\/www.academiadehomeopatia.es\/wp-content\/uploads\/2024\/01\/Seminario-Benidorm-1.png 475w\" sizes=\"(max-width: 211px) 100vw, 211px\" \/>Folleto Benidorm<\/a><\/b><\/h4>\n","protected":false},"excerpt":{"rendered":"<p>26 y 27 de abril de 2024<\/p>\n<p>HOTEL TORRE DORADA<br \/>\nPlaya de Poniente-Benidorm<br \/>\nCalle Avil\u00e9s 2 (La Cala)<br \/>\nBenidorm-Alicante (Espa\u00f1a)<br \/>\nTel.: +34 96 585 42 50<br \/>\nPara reservar alojamiento: <a href=\"https:\/\/www.servigroup.com\/es\/hotel-torre-dorada-benidorm\/\" target=\"_blank\" rel=\"noopener noreferrer\">Hotel Torre Dorada<\/a><\/p>\n<h3><font color=\"#800080\">Presencial y \u00abon line\u00bb<\/font><\/h3>\n<h4><font color=\"#0000FF\">Programa<\/font><\/h4>\n<h5><font color=\"#0000FF\">Viernes<\/font><br \/>\n16:00 Recibimiento de los participantes y entrega de documentaci\u00f3n.<br \/>\n16:30 a 17:30. \u2013 Presentaci\u00f3n. Introducci\u00f3n breve sobre la escala LM.<br \/>\nAportaciones y caracter\u00edsticas de la nueva escala. Razones para emplear el<br \/>\nnuevo m\u00e9todo. Modo de tratar con la nueva escala. Modo de administraci\u00f3n.<br \/>\nTratamiento de pacientes sensibles. La administraci\u00f3n por olfacci\u00f3n. Como iniciar el tratamiento. Gu\u00eda abierta con los criterios de elecci\u00f3n de dosis y potencia.<br \/>\n17:30 a 18:00. \u2013 Comentarios y preguntas.<br \/>\n18:00 a 18:15. \u2013 Descanso.<br \/>\n18:15 a 19:15. \u2013 La respuesta al tratamiento, revisi\u00f3n de los casos y<br \/>\nobservaciones pron\u00f3sticas.<br \/>\n19:15 a 20:15. &#8211; Otras situaciones en la respuesta al tratamiento. Tratamiento de los casos agudos con LM. Caso cl\u00ednico.<br \/>\nExpone: Jos\u00e9 Eugenio L\u00f3pez<br \/>\n20:15 a 20:30. \u2013 Preguntas, comentarios y aportaciones.<\/h5>\n<h5><font color=\"#0000FF\">S\u00e1bado<\/font><br \/>\nMa\u00f1ana:<br \/>\n9:30 hasta las 14:00. \u2013 Casos cl\u00ednicos de cada una de las observaciones<br \/>\npron\u00f3sticas vistas en la tarde de ayer y su seguimiento. Descanso de media hora a las 11:45<br \/>\nTarde:<br \/>\n16:30 hasta las 19:30. \u2013 Resto de casos cl\u00ednicos de observaciones y<br \/>\nseguimiento. Descanso de media hora a las 18:00.<br \/>\nAl finalizar el descanso se abrir\u00e1 un turno de preguntas con discusi\u00f3n y mesa redonda hasta finalizar.<br \/>\nExponen: Sonia Alonso, Francisco Javier Ramos Alija, Pedro Luis Rocamora, Joan Manel Mar\u00edn.<\/h5>\n","protected":false},"featured_media":1800,"comment_status":"open","ping_status":"closed","template":"","meta":{"spay_email":"","jetpack_publicize_message":"","jetpack_is_tweetstorm":false},"jetpack_publicize_connections":[],"jetpack_sharing_enabled":true,"_links":{"self":[{"href":"https:\/\/www.academiadehomeopatia.es\/index.php\/wp-json\/wp\/v2\/product\/1789"}],"collection":[{"href":"https:\/\/www.academiadehomeopatia.es\/index.php\/wp-json\/wp\/v2\/product"}],"about":[{"href":"https:\/\/www.academiadehomeopatia.es\/index.php\/wp-json\/wp\/v2\/types\/product"}],"replies":[{"embeddable":true,"href":"https:\/\/www.academiadehomeopatia.es\/index.php\/wp-json\/wp\/v2\/comments?post=1789"}],"wp:featuredmedia":[{"embeddable":true,"href":"https:\/\/www.academiadehomeopatia.es\/index.php\/wp-json\/wp\/v2\/media\/1800"}],"wp:attachment":[{"href":"https:\/\/www.academiadehomeopatia.es\/index.php\/wp-json\/wp\/v2\/media?parent=1789"}],"curies":[{"name":"wp","href":"https:\/\/api.w.org\/{rel}","templated":true}]}}