{"id":67,"date":"2016-06-02T15:25:53","date_gmt":"2016-06-02T15:25:53","guid":{"rendered":"http:\/\/www.academiadehomeopatia.es\/?page_id=67"},"modified":"2018-02-05T10:57:33","modified_gmt":"2018-02-05T10:57:33","slug":"otras-profesiones-sanitarias","status":"publish","type":"page","link":"https:\/\/www.academiadehomeopatia.es\/index.php\/eb-courses\/otras-profesiones-sanitarias\/","title":{"rendered":"Otras profesiones sanitarias"},"content":{"rendered":"<h6 style=\"text-align: justify;\">Esperamos contribuir a la imperiosa necesidad de formaci\u00f3n continuada de todas las profesiones universitarias que son puerta de entrada al sistema y que requieren conocer la Homeopat\u00eda.<\/h6>\n<h6>Estos son nuestros <span style=\"text-decoration: underline; color: #000080;\"><strong>cursos activos<\/strong><\/span> en la actualidad, pincha sobre ellos para obtener m\u00e1s informaci\u00f3n:<\/h6>\n<h5><a href=\"http:\/\/www.academiadehomeopatia.es\/index.php\/formacion\/otras-profesiones-sanitarias\/curso-enfermeria-y-homeopatia-i\/\"><span style=\"color: #800080;\"><em>Curso: Enfermer\u00eda y Homeopat\u00eda I<\/em><\/span><\/a><\/h5>\n<h5><a href=\"http:\/\/www.academiadehomeopatia.es\/index.php\/formacion\/otras-profesiones-sanitarias\/curso-fisioterapia-y-homeopatia-i\/\"><span style=\"color: #800080;\"><em>Curso: Fisioterapia y Homeopat\u00eda I<\/em><\/span><\/a><\/h5>\n<h5><a href=\"http:\/\/www.academiadehomeopatia.es\/index.php\/formacion\/otras-profesiones-sanitarias\/curso-la-matrona-y-la-hoemopatia-i\/\"><span style=\"color: #800080;\"><em>Curso: La Matrona y la Homeopat\u00eda I<\/em><\/span><\/a><\/h5>\n","protected":false},"excerpt":{"rendered":"<p>Esperamos contribuir a la imperiosa necesidad de formaci\u00f3n continuada de todas las profesiones universitarias que son puerta de entrada al sistema y que requieren conocer la Homeopat\u00eda. Estos son nuestros cursos activos en la actualidad, pincha sobre ellos para obtener m\u00e1s informaci\u00f3n: Curso: Enfermer\u00eda y Homeopat\u00eda I Curso: Fisioterapia y Homeopat\u00eda I Curso: La Matrona &hellip; <a href=\"https:\/\/www.academiadehomeopatia.es\/index.php\/eb-courses\/otras-profesiones-sanitarias\/\" class=\"more-link\">Sigue leyendo <span class=\"screen-reader-text\">Otras profesiones sanitarias<\/span> <span class=\"meta-nav\">&rarr;<\/span><\/a><\/p>\n","protected":false},"author":1,"featured_media":0,"parent":911,"menu_order":5,"comment_status":"closed","ping_status":"closed","template":"","meta":{"spay_email":""},"jetpack_sharing_enabled":true,"jetpack_shortlink":"https:\/\/wp.me\/P9FoSk-15","_links":{"self":[{"href":"https:\/\/www.academiadehomeopatia.es\/index.php\/wp-json\/wp\/v2\/pages\/67"}],"collection":[{"href":"https:\/\/www.academiadehomeopatia.es\/index.php\/wp-json\/wp\/v2\/pages"}],"about":[{"href":"https:\/\/www.academiadehomeopatia.es\/index.php\/wp-json\/wp\/v2\/types\/page"}],"author":[{"embeddable":true,"href":"https:\/\/www.academiadehomeopatia.es\/index.php\/wp-json\/wp\/v2\/users\/1"}],"replies":[{"embeddable":true,"href":"https:\/\/www.academiadehomeopatia.es\/index.php\/wp-json\/wp\/v2\/comments?post=67"}],"version-history":[{"count":4,"href":"https:\/\/www.academiadehomeopatia.es\/index.php\/wp-json\/wp\/v2\/pages\/67\/revisions"}],"predecessor-version":[{"id":410,"href":"https:\/\/www.academiadehomeopatia.es\/index.php\/wp-json\/wp\/v2\/pages\/67\/revisions\/410"}],"up":[{"embeddable":true,"href":"https:\/\/www.academiadehomeopatia.es\/index.php\/wp-json\/wp\/v2\/pages\/911"}],"wp:attachment":[{"href":"https:\/\/www.academiadehomeopatia.es\/index.php\/wp-json\/wp\/v2\/media?parent=67"}],"curies":[{"name":"wp","href":"https:\/\/api.w.org\/{rel}","templated":true}]}}