{"id":63,"date":"2016-06-02T15:25:07","date_gmt":"2016-06-02T15:25:07","guid":{"rendered":"http:\/\/www.academiadehomeopatia.es\/?page_id=63"},"modified":"2018-02-05T10:57:13","modified_gmt":"2018-02-05T10:57:13","slug":"veterinaria","status":"publish","type":"page","link":"https:\/\/www.academiadehomeopatia.es\/index.php\/eb-courses\/veterinaria\/","title":{"rendered":"Veterinaria"},"content":{"rendered":"<h6>Esperamos contribuir a la imperiosa necesidad de formaci\u00f3n continuada del Veterinario\/a Home\u00f3pata.<\/h6>\n<h6>Estos son nuestros <strong>cursos activos<\/strong> en la actualidad, pincha sobre ellos para obtener m\u00e1s informaci\u00f3n:<\/h6>\n<h5><a href=\"http:\/\/www.academiadehomeopatia.es\/index.php\/formacion\/clinica-medica\/curso-de-especialista-en-medicina-de-urgencias-y-emergencias-con-homeopatia\/\"><span style=\"color: #800080;\"><em>Curso: Experto en Urgencias y Emergencias con Homeopat\u00eda, M\u00f3dulo 1<\/em><\/span><\/a><\/h5>\n<h5><a href=\"http:\/\/www.academiadehomeopatia.es\/index.php\/formacion\/clinica-medica\/curso-uso-y-abordaje-terapeutico-en-homeopatia-con-potencias-lm\/\"><span style=\"color: #800080;\"><em>Curso: Uso y abordaje terap\u00e9utico en homeopat\u00eda con Potencias LM<\/em><\/span><\/a><\/h5>\n<h5><a href=\"http:\/\/www.academiadehomeopatia.es\/index.php\/formacion\/veterinaria\/curso-la-granja-sostenible-con-homeopatia\/\"><span style=\"color: #800080;\"><em>Curso: La Granja sostenible con Homeopat\u00eda<\/em><\/span><\/a><\/h5>\n<h5><a href=\"http:\/\/www.academiadehomeopatia.es\/index.php\/formacion\/veterinaria\/curso-medicina-clinica-equina\/\"><span style=\"color: #800080;\"><em>Curso: Medicina cl\u00ednica equina<\/em><\/span><\/a><\/h5>\n<h5><a href=\"http:\/\/www.academiadehomeopatia.es\/index.php\/formacion\/veterinaria\/curso-reproduccion-animal-y-homeopatia\/\"><span style=\"color: #800080;\"><em>Curso: Reproducci\u00f3n animal y homeopat\u00eda<\/em><\/span><\/a><\/h5>\n","protected":false},"excerpt":{"rendered":"<p>Esperamos contribuir a la imperiosa necesidad de formaci\u00f3n continuada del Veterinario\/a Home\u00f3pata. Estos son nuestros cursos activos en la actualidad, pincha sobre ellos para obtener m\u00e1s informaci\u00f3n: Curso: Experto en Urgencias y Emergencias con Homeopat\u00eda, M\u00f3dulo 1 Curso: Uso y abordaje terap\u00e9utico en homeopat\u00eda con Potencias LM Curso: La Granja sostenible con Homeopat\u00eda Curso: Medicina &hellip; <a href=\"https:\/\/www.academiadehomeopatia.es\/index.php\/eb-courses\/veterinaria\/\" class=\"more-link\">Sigue leyendo <span class=\"screen-reader-text\">Veterinaria<\/span> <span class=\"meta-nav\">&rarr;<\/span><\/a><\/p>\n","protected":false},"author":1,"featured_media":0,"parent":911,"menu_order":3,"comment_status":"closed","ping_status":"closed","template":"","meta":{"spay_email":""},"jetpack_sharing_enabled":true,"jetpack_shortlink":"https:\/\/wp.me\/P9FoSk-11","_links":{"self":[{"href":"https:\/\/www.academiadehomeopatia.es\/index.php\/wp-json\/wp\/v2\/pages\/63"}],"collection":[{"href":"https:\/\/www.academiadehomeopatia.es\/index.php\/wp-json\/wp\/v2\/pages"}],"about":[{"href":"https:\/\/www.academiadehomeopatia.es\/index.php\/wp-json\/wp\/v2\/types\/page"}],"author":[{"embeddable":true,"href":"https:\/\/www.academiadehomeopatia.es\/index.php\/wp-json\/wp\/v2\/users\/1"}],"replies":[{"embeddable":true,"href":"https:\/\/www.academiadehomeopatia.es\/index.php\/wp-json\/wp\/v2\/comments?post=63"}],"version-history":[{"count":8,"href":"https:\/\/www.academiadehomeopatia.es\/index.php\/wp-json\/wp\/v2\/pages\/63\/revisions"}],"predecessor-version":[{"id":547,"href":"https:\/\/www.academiadehomeopatia.es\/index.php\/wp-json\/wp\/v2\/pages\/63\/revisions\/547"}],"up":[{"embeddable":true,"href":"https:\/\/www.academiadehomeopatia.es\/index.php\/wp-json\/wp\/v2\/pages\/911"}],"wp:attachment":[{"href":"https:\/\/www.academiadehomeopatia.es\/index.php\/wp-json\/wp\/v2\/media?parent=63"}],"curies":[{"name":"wp","href":"https:\/\/api.w.org\/{rel}","templated":true}]}}