{"id":61,"date":"2016-06-02T15:24:46","date_gmt":"2016-06-02T15:24:46","guid":{"rendered":"http:\/\/www.academiadehomeopatia.es\/?page_id=61"},"modified":"2018-02-05T10:56:50","modified_gmt":"2018-02-05T10:56:50","slug":"farmacia","status":"publish","type":"page","link":"https:\/\/www.academiadehomeopatia.es\/index.php\/eb-courses\/farmacia\/","title":{"rendered":"Farmacia"},"content":{"rendered":"<h6>Esperamos contribuir a la imperiosa necesidad de formaci\u00f3n continuada del Farmac\u00e9utico Home\u00f3pata.<\/h6>\n<h6>Estos son nuestros <strong>cursos activos<\/strong> en la actualidad, pincha sobre ellos para obtener m\u00e1s informaci\u00f3n:<\/h6>\n<h5><a href=\"http:\/\/www.academiadehomeopatia.es\/index.php\/formacion\/farmacia\/curso-el-laboratorio-farmaceutico-homeopatico\/\"><span style=\"color: #800080;\"><em>Curso: El Laboratorio farmac\u00e9utico homeop\u00e1tico<\/em><\/span><\/a><\/h5>\n<h5><a href=\"http:\/\/www.academiadehomeopatia.es\/index.php\/formacion\/farmacia\/la-nueva-aproximacion-eufda-a-la-validacion-de-procesos-implantacion-del-ciclo-de-vida-diseno-cualificacion-y-verificacion-continuada\/\"><span style=\"color: #800080;\"><em>La nueva aproximaci\u00f3n EU\/FDA a la validaci\u00f3n de procesos. Implantaci\u00f3n del ciclo de vida: dise\u00f1o, cualificaci\u00f3n y verificaci\u00f3n continuada<\/em><\/span><\/a><\/h5>\n<h5><a href=\"http:\/\/www.academiadehomeopatia.es\/index.php\/formacion\/farmacia\/desarrollo-del-producto-requisitos-de-seguridad-para-el-registro-del-medicamento\/\"><span style=\"color: #800080;\"><em>Desarrollo del producto. Requisitos de seguridad para el registro del medicamento<\/em><\/span><\/a><\/h5>\n<h5><a href=\"http:\/\/www.academiadehomeopatia.es\/index.php\/formacion\/farmacia\/nuevo-reglamento-europeo-de-productos-sanitarios\/\"><em><span style=\"color: #800080;\">Nuevo reglamento europeo de productos sanitarios<\/span><\/em><\/a><\/h5>\n<p>&nbsp;<\/p>\n","protected":false},"excerpt":{"rendered":"<p>Esperamos contribuir a la imperiosa necesidad de formaci\u00f3n continuada del Farmac\u00e9utico Home\u00f3pata. Estos son nuestros cursos activos en la actualidad, pincha sobre ellos para obtener m\u00e1s informaci\u00f3n: Curso: El Laboratorio farmac\u00e9utico homeop\u00e1tico La nueva aproximaci\u00f3n EU\/FDA a la validaci\u00f3n de procesos. Implantaci\u00f3n del ciclo de vida: dise\u00f1o, cualificaci\u00f3n y verificaci\u00f3n continuada Desarrollo del producto. Requisitos &hellip; <a href=\"https:\/\/www.academiadehomeopatia.es\/index.php\/eb-courses\/farmacia\/\" class=\"more-link\">Sigue leyendo <span class=\"screen-reader-text\">Farmacia<\/span> <span class=\"meta-nav\">&rarr;<\/span><\/a><\/p>\n","protected":false},"author":1,"featured_media":0,"parent":911,"menu_order":2,"comment_status":"closed","ping_status":"closed","template":"","meta":{"spay_email":""},"jetpack_sharing_enabled":true,"jetpack_shortlink":"https:\/\/wp.me\/P9FoSk-Z","_links":{"self":[{"href":"https:\/\/www.academiadehomeopatia.es\/index.php\/wp-json\/wp\/v2\/pages\/61"}],"collection":[{"href":"https:\/\/www.academiadehomeopatia.es\/index.php\/wp-json\/wp\/v2\/pages"}],"about":[{"href":"https:\/\/www.academiadehomeopatia.es\/index.php\/wp-json\/wp\/v2\/types\/page"}],"author":[{"embeddable":true,"href":"https:\/\/www.academiadehomeopatia.es\/index.php\/wp-json\/wp\/v2\/users\/1"}],"replies":[{"embeddable":true,"href":"https:\/\/www.academiadehomeopatia.es\/index.php\/wp-json\/wp\/v2\/comments?post=61"}],"version-history":[{"count":9,"href":"https:\/\/www.academiadehomeopatia.es\/index.php\/wp-json\/wp\/v2\/pages\/61\/revisions"}],"predecessor-version":[{"id":546,"href":"https:\/\/www.academiadehomeopatia.es\/index.php\/wp-json\/wp\/v2\/pages\/61\/revisions\/546"}],"up":[{"embeddable":true,"href":"https:\/\/www.academiadehomeopatia.es\/index.php\/wp-json\/wp\/v2\/pages\/911"}],"wp:attachment":[{"href":"https:\/\/www.academiadehomeopatia.es\/index.php\/wp-json\/wp\/v2\/media?parent=61"}],"curies":[{"name":"wp","href":"https:\/\/api.w.org\/{rel}","templated":true}]}}