{"id":59,"date":"2016-06-02T15:24:23","date_gmt":"2016-06-02T15:24:23","guid":{"rendered":"http:\/\/www.academiadehomeopatia.es\/?page_id=59"},"modified":"2018-02-05T10:56:26","modified_gmt":"2018-02-05T10:56:26","slug":"clinica-medica","status":"publish","type":"page","link":"https:\/\/www.academiadehomeopatia.es\/index.php\/eb-courses\/clinica-medica\/","title":{"rendered":"Cl\u00ednica M\u00e9dica"},"content":{"rendered":"<h6 style=\"text-align: justify;\">Esperamos contribuir a la imperiosa necesidad de formaci\u00f3n continuada del M\u00e9dico Home\u00f3pata.<\/h6>\n<h6>Estos son nuestros <span style=\"text-decoration: underline; color: #000080;\"><strong>cursos activos<\/strong><\/span> en la actualidad, pincha sobre ellos para obtener m\u00e1s informaci\u00f3n:<\/h6>\n<h5><a href=\"http:\/\/www.academiadehomeopatia.es\/index.php\/formacion\/clinica-medica\/curso-de-especialista-en-medicina-de-urgencias-y-emergencias-con-homeopatia\/\"><span style=\"color: #800080;\"><em>Curso: Experto en Urgencias y Emergencias con Homeopat\u00eda, M\u00f3dulo 1<\/em><\/span><\/a><\/h5>\n<h5><a href=\"http:\/\/www.academiadehomeopatia.es\/index.php\/formacion\/clinica-medica\/curso-enfermos-paliativos-y-homeopatia\/\"><span style=\"color: #800080;\"><em>Curso:\u00a0 Enfermos Paliativos y Homeopat\u00eda<\/em><\/span><\/a><\/h5>\n<h5><a href=\"http:\/\/www.academiadehomeopatia.es\/index.php\/formacion\/clinica-medica\/la-homeopatia-en-el-nino-i-cuadros-agudos\/\"><span style=\"color: #800080;\"><em>Curso: La homeopat\u00eda en el ni\u00f1o I &#8211; Cuadros agudos<\/em><\/span><\/a><\/h5>\n<h5><a href=\"http:\/\/www.academiadehomeopatia.es\/index.php\/formacion\/clinica-medica\/curso-uso-y-abordaje-terapeutico-en-homeopatia-con-potencias-lm\/\"><span style=\"color: #800080;\"><em>Curso: Uso y abordaje terap\u00e9utico en homeopat\u00eda con Potencias LM<\/em><\/span><\/a><\/h5>\n<h5><a href=\"http:\/\/www.academiadehomeopatia.es\/index.php\/materia-medica-la-familia-de-las-serpientes\/\"><span style=\"color: #800080;\"><em>Materia M\u00e9dica: La familia de las serpientes<\/em><\/span><\/a><\/h5>\n","protected":false},"excerpt":{"rendered":"<p>Esperamos contribuir a la imperiosa necesidad de formaci\u00f3n continuada del M\u00e9dico Home\u00f3pata. Estos son nuestros cursos activos en la actualidad, pincha sobre ellos para obtener m\u00e1s informaci\u00f3n: Curso: Experto en Urgencias y Emergencias con Homeopat\u00eda, M\u00f3dulo 1 Curso:\u00a0 Enfermos Paliativos y Homeopat\u00eda Curso: La homeopat\u00eda en el ni\u00f1o I &#8211; Cuadros agudos Curso: Uso y &hellip; <a href=\"https:\/\/www.academiadehomeopatia.es\/index.php\/eb-courses\/clinica-medica\/\" class=\"more-link\">Sigue leyendo <span class=\"screen-reader-text\">Cl\u00ednica M\u00e9dica<\/span> <span class=\"meta-nav\">&rarr;<\/span><\/a><\/p>\n","protected":false},"author":1,"featured_media":0,"parent":911,"menu_order":1,"comment_status":"closed","ping_status":"closed","template":"","meta":{"spay_email":""},"jetpack_sharing_enabled":true,"jetpack_shortlink":"https:\/\/wp.me\/P9FoSk-X","_links":{"self":[{"href":"https:\/\/www.academiadehomeopatia.es\/index.php\/wp-json\/wp\/v2\/pages\/59"}],"collection":[{"href":"https:\/\/www.academiadehomeopatia.es\/index.php\/wp-json\/wp\/v2\/pages"}],"about":[{"href":"https:\/\/www.academiadehomeopatia.es\/index.php\/wp-json\/wp\/v2\/types\/page"}],"author":[{"embeddable":true,"href":"https:\/\/www.academiadehomeopatia.es\/index.php\/wp-json\/wp\/v2\/users\/1"}],"replies":[{"embeddable":true,"href":"https:\/\/www.academiadehomeopatia.es\/index.php\/wp-json\/wp\/v2\/comments?post=59"}],"version-history":[{"count":14,"href":"https:\/\/www.academiadehomeopatia.es\/index.php\/wp-json\/wp\/v2\/pages\/59\/revisions"}],"predecessor-version":[{"id":377,"href":"https:\/\/www.academiadehomeopatia.es\/index.php\/wp-json\/wp\/v2\/pages\/59\/revisions\/377"}],"up":[{"embeddable":true,"href":"https:\/\/www.academiadehomeopatia.es\/index.php\/wp-json\/wp\/v2\/pages\/911"}],"wp:attachment":[{"href":"https:\/\/www.academiadehomeopatia.es\/index.php\/wp-json\/wp\/v2\/media?parent=59"}],"curies":[{"name":"wp","href":"https:\/\/api.w.org\/{rel}","templated":true}]}}