{"id":566,"date":"2017-02-13T09:51:16","date_gmt":"2017-02-13T09:51:16","guid":{"rendered":"http:\/\/www.academiadehomeopatia.es\/?page_id=566"},"modified":"2017-02-22T09:29:20","modified_gmt":"2017-02-22T09:29:20","slug":"proceso-acreditador","status":"publish","type":"page","link":"https:\/\/www.academiadehomeopatia.es\/index.php\/acreditacion\/proceso-acreditador\/","title":{"rendered":"Proceso acreditador"},"content":{"rendered":"<p><img loading=\"lazy\" class=\"alignnone size-medium wp-image-564\" src=\"http:\/\/www.academiadehomeopatia.es\/wp-content\/uploads\/2017\/02\/academia-de-homeopatia-logo-cr\u00e9ditos-transparente-1-300x269.png\" alt=\"\" width=\"300\" height=\"269\" srcset=\"https:\/\/www.academiadehomeopatia.es\/wp-content\/uploads\/2017\/02\/academia-de-homeopatia-logo-cr\u00e9ditos-transparente-1-300x269.png 300w, https:\/\/www.academiadehomeopatia.es\/wp-content\/uploads\/2017\/02\/academia-de-homeopatia-logo-cr\u00e9ditos-transparente-1-768x689.png 768w, https:\/\/www.academiadehomeopatia.es\/wp-content\/uploads\/2017\/02\/academia-de-homeopatia-logo-cr\u00e9ditos-transparente-1.png 926w\" sizes=\"(max-width: 300px) 100vw, 300px\" \/><\/p>\n<p>A continuaci\u00f3n se implementan los documentos que apoyar\u00e1n el proceso acreditador:<\/p>\n<h5><a href=\"http:\/\/www.academiadehomeopatia.es\/wp-content\/uploads\/2017\/02\/AH-documento-de-acceso-1.pdf\" target=\"_blank\">AH documento de acceso<\/a><\/h5>\n<h5><a href=\"http:\/\/www.academiadehomeopatia.es\/wp-content\/uploads\/2017\/02\/Formulario-Acreditaci\u00f3n-Actividad-No-Presencial.pdf\" target=\"_blank\">Formulario Acreditaci\u00f3n Actividad No Presencial<\/a><\/h5>\n<h5><a href=\"http:\/\/www.academiadehomeopatia.es\/wp-content\/uploads\/2017\/02\/Formulario-Acreditaci\u00f3n-Actividad-Presencial.pdf\" target=\"_blank\">Formulario Acreditaci\u00f3n Actividad Presencial<\/a><\/h5>\n<h5><a href=\"http:\/\/www.academiadehomeopatia.es\/wp-content\/uploads\/2017\/02\/Formulario-Acreditaci\u00f3n-Actividad-Mixta.pdf\" target=\"_blank\">Formulario Acreditaci\u00f3n Actividad Mixta<\/a><\/h5>\n<h6>Con la documentaci\u00f3n cumplimentada, enviar correo electr\u00f3nico a la atenci\u00f3n de la Secretar\u00eda T\u00e9cnica:<\/h6>\n<h6>academiadehomeopatia@gmail.com<\/h6>\n","protected":false},"excerpt":{"rendered":"<p>A continuaci\u00f3n se implementan los documentos que apoyar\u00e1n el proceso acreditador: AH documento de acceso Formulario Acreditaci\u00f3n Actividad No Presencial Formulario Acreditaci\u00f3n Actividad Presencial Formulario Acreditaci\u00f3n Actividad Mixta Con la documentaci\u00f3n cumplimentada, enviar correo electr\u00f3nico a la atenci\u00f3n de la Secretar\u00eda T\u00e9cnica: academiadehomeopatia@gmail.com<\/p>\n","protected":false},"author":1,"featured_media":0,"parent":563,"menu_order":0,"comment_status":"closed","ping_status":"closed","template":"","meta":{"spay_email":""},"jetpack_sharing_enabled":true,"jetpack_shortlink":"https:\/\/wp.me\/P9FoSk-98","_links":{"self":[{"href":"https:\/\/www.academiadehomeopatia.es\/index.php\/wp-json\/wp\/v2\/pages\/566"}],"collection":[{"href":"https:\/\/www.academiadehomeopatia.es\/index.php\/wp-json\/wp\/v2\/pages"}],"about":[{"href":"https:\/\/www.academiadehomeopatia.es\/index.php\/wp-json\/wp\/v2\/types\/page"}],"author":[{"embeddable":true,"href":"https:\/\/www.academiadehomeopatia.es\/index.php\/wp-json\/wp\/v2\/users\/1"}],"replies":[{"embeddable":true,"href":"https:\/\/www.academiadehomeopatia.es\/index.php\/wp-json\/wp\/v2\/comments?post=566"}],"version-history":[{"count":6,"href":"https:\/\/www.academiadehomeopatia.es\/index.php\/wp-json\/wp\/v2\/pages\/566\/revisions"}],"predecessor-version":[{"id":660,"href":"https:\/\/www.academiadehomeopatia.es\/index.php\/wp-json\/wp\/v2\/pages\/566\/revisions\/660"}],"up":[{"embeddable":true,"href":"https:\/\/www.academiadehomeopatia.es\/index.php\/wp-json\/wp\/v2\/pages\/563"}],"wp:attachment":[{"href":"https:\/\/www.academiadehomeopatia.es\/index.php\/wp-json\/wp\/v2\/media?parent=566"}],"curies":[{"name":"wp","href":"https:\/\/api.w.org\/{rel}","templated":true}]}}