{"id":563,"date":"2017-02-13T09:47:51","date_gmt":"2017-02-13T09:47:51","guid":{"rendered":"http:\/\/www.academiadehomeopatia.es\/?page_id=563"},"modified":"2017-02-13T09:47:51","modified_gmt":"2017-02-13T09:47:51","slug":"acreditacion","status":"publish","type":"page","link":"https:\/\/www.academiadehomeopatia.es\/index.php\/acreditacion\/","title":{"rendered":"Acreditaci\u00f3n"},"content":{"rendered":"<p align=\"justify\"><span style=\"font-family: Calibri, sans-serif;\"><span style=\"font-size: medium;\"><span style=\"color: #252525;\"><img loading=\"lazy\" class=\"alignnone size-medium wp-image-564\" src=\"http:\/\/www.academiadehomeopatia.es\/wp-content\/uploads\/2017\/02\/academia-de-homeopatia-logo-cr\u00e9ditos-transparente-1-300x269.png\" alt=\"\" width=\"300\" height=\"269\" srcset=\"https:\/\/www.academiadehomeopatia.es\/wp-content\/uploads\/2017\/02\/academia-de-homeopatia-logo-cr\u00e9ditos-transparente-1-300x269.png 300w, https:\/\/www.academiadehomeopatia.es\/wp-content\/uploads\/2017\/02\/academia-de-homeopatia-logo-cr\u00e9ditos-transparente-1-768x689.png 768w, https:\/\/www.academiadehomeopatia.es\/wp-content\/uploads\/2017\/02\/academia-de-homeopatia-logo-cr\u00e9ditos-transparente-1.png 926w\" sizes=\"(max-width: 300px) 100vw, 300px\" \/><\/span><\/span><\/span><\/p>\n<p align=\"justify\"><span style=\"font-family: Calibri, sans-serif;\"><span style=\"font-size: medium;\"><span style=\"color: #252525;\">La\u00a0<\/span><span style=\"color: #252525;\"><b>acreditaci\u00f3n<\/b><\/span><span style=\"color: #252525;\">\u00a0es un proceso voluntario mediante el cual una organizaci\u00f3n es capaz de medir la calidad de servicios o productos, y el rendimiento de los mismos frente a est\u00e1ndares reconocidos a nivel nacional o internacional. El proceso de acreditaci\u00f3n implica la autoevaluaci\u00f3n de la organizaci\u00f3n, as\u00ed como una evaluaci\u00f3n en detalle por un equipo de expertos externos.<\/span><\/span><\/span><\/p>\n<p><span style=\"font-family: Calibri, sans-serif;\"><span style=\"font-size: medium;\"><span style=\"color: #252525;\">La acreditaci\u00f3n es un proceso voluntario mediante el cual una organizaci\u00f3n <\/span><span style=\"color: #252525;\">con un proceso formativo, <\/span><span style=\"color: #252525;\">es capaz de medir la calidad de sus servicios y el rendimiento de los mismos frente a est\u00e1ndares reconocidos a nivel nacional o internacional. El proceso de acreditaci\u00f3n implica la autoevaluaci\u00f3n de l<\/span><span style=\"color: #252525;\">os procesos formativos de l<\/span><span style=\"color: #252525;\">a organizaci\u00f3n, as\u00ed como una evaluaci\u00f3n en detalle por un equipo de expertos externos.<\/span><\/span><\/span><\/p>\n<h2 class=\"western\" align=\"justify\"><a name=\"Aspectos_importantes\"><\/a> <span style=\"font-family: Calibri, sans-serif;\"><span style=\"font-size: medium;\"><span style=\"color: #000000;\">Aspectos importantes:<\/span><\/span><\/span><\/h2>\n<ul>\n<li>\n<p align=\"justify\"><span style=\"color: #252525;\"><span style=\"font-family: Calibri, sans-serif;\"><span style=\"font-size: medium;\"><b>Es voluntaria<\/b>, la acreditaci\u00f3n no puede ser impuesta. Parte del inter\u00e9s propio de la organizaci\u00f3n que se preocupa por trabajar a favor de la implementaci\u00f3n de est\u00e1ndares elevados de calidad. <\/span><\/span><\/span><\/p>\n<\/li>\n<li>\n<p align=\"justify\"><span style=\"color: #252525;\"><span style=\"font-family: Calibri, sans-serif;\"><span style=\"font-size: medium;\"><b>Es completa<\/b>, la acreditaci\u00f3n debe darse en todas las facetas o \u00e1reas formativas que se implementen en la organizaci\u00f3n. <\/span><\/span><\/span><\/p>\n<\/li>\n<li>\n<p align=\"justify\"><span style=\"font-family: Calibri, sans-serif;\"><span style=\"font-size: medium;\"><span style=\"color: #252525;\"><b>Experiencia enriquecedora<\/b><\/span><span style=\"color: #252525;\">, la acreditaci\u00f3n debe ser un proceso a trav\u00e9s del cual la organizaci\u00f3n que busca <\/span><span style=\"color: #252525;\">la acreditaci\u00f3n de sus procesos formativos <\/span><span style=\"color: #252525;\">pase por un proceso de aprendizaje.<\/span><\/span><\/span><\/p>\n<\/li>\n<li>\n<p align=\"justify\"><span style=\"color: #252525;\"><span style=\"font-family: Calibri, sans-serif;\"><span style=\"font-size: medium;\">Los\u00a0<b>expertos<\/b>\u00a0deben ser personas altamente cualificadas con amplia experiencia.<\/span><\/span><\/span><\/p>\n<\/li>\n<\/ul>\n<p align=\"center\"><span style=\"color: #444444;\"><span style=\"font-family: Calibri, sans-serif;\"><span style=\"font-size: large;\"><u><b><strong>Historia de la acreditaci\u00f3n en el mundo<\/strong><\/b><\/u><\/span><\/span><\/span><\/p>\n<p align=\"justify\"><span style=\"font-family: Calibri, sans-serif;\"><span style=\"font-size: medium;\"><span style=\"color: #444444;\">En India y China, los est\u00e1ndares que determinaban qui\u00e9n pod\u00eda practicar la medicina datan del primer siglo A.C. A partir de 1140, Italia emprende esfuerzos para licenciar a todos los m\u00e9dicos, y esto dio lugar posteriormente, a est\u00e1ndares educativos uniformes, ex\u00e1menes estatales y licenciamiento en el siglo XIX. En USA, el movimiento moderno de garant\u00eda de calidad en el campo de la salud se inici\u00f3 en 1917, cuando el American College of Surgeons (Colegio Estadounidense de Cirujanos) compil\u00f3 el primer conjunto de est\u00e1ndares m\u00ednimos para que los hospitales estadounidenses identificaran y prescindieran de los servicios de salud deficientes. Esta estrategia sent\u00f3 las bases para un proceso de acreditaci\u00f3n, actualmente administrado por la Joint Commission on the Accreditation of Healthcare Organizations (Comisi\u00f3n Conjunta de Acreditaci\u00f3n para las Organizaciones prestadoras de servicios de salud, 1951). En Canad\u00e1 el Consejo Canadiense de Acreditaci\u00f3n de Servicios de Salud, CCHSA, realiza este proceso desde 1959.<\/span><\/span><\/span><\/p>\n<p align=\"justify\"><span style=\"font-family: Calibri, sans-serif;\"><span style=\"font-size: medium;\"><span style=\"color: #444444;\">En la d\u00e9cada de los 80, las fallas en el proceso de inspecci\u00f3n, la persistencia de la calidad deficiente y la creaci\u00f3n de nuevas t\u00e9cnicas gerenciales en la industria, as\u00ed como el aumento en costos, llev\u00f3 a los profesionales de salud en los pa\u00edses desarrollados a reevaluar la garant\u00eda de calidad basada en acreditaci\u00f3n y est\u00e1ndares. Las organizaciones de salud en USA comenzaron a poner a prueba las filosof\u00edas industriales del Proceso de Mejoramiento Continuo de la Calidad (PMC) y de la Administraci\u00f3n Total de la Calidad (TQM). A su vez, el sistema de acreditaci\u00f3n en hospitales ampli\u00f3 su enfoque desde inspecciones hasta promover el mejoramiento de la calidad. En el Reino Unido, el Servicio Nacional de Salud asumi\u00f3 una pol\u00edtica formal de calidad en 1991 y adopt\u00f3 al PMC para ponerla en pr\u00e1ctica.<\/span><\/span><\/span><\/p>\n<p align=\"justify\"><span style=\"font-family: Calibri, sans-serif;\"><span style=\"font-size: medium;\"><span style=\"color: #444444;\">En 1966, Avedis Donabedian, en su art\u00edculo fundamental, introdujo los conceptos de estructura, proceso y resultado, que constituyen hoy d\u00eda el paradigma dominante de evaluaci\u00f3n de la calidad de la atenci\u00f3n a la salud. Donabedian transform\u00f3 la concepci\u00f3n tradicional de los sistemas de salud. Gracias al conocimiento que gener\u00f3, ahora entendemos que la respuesta social a los problemas de salud no es un conjunto de eventos sin relaci\u00f3n, sino m\u00e1s bien un proceso complejo guiado por principios generales.<\/span><\/span><\/span><\/p>\n<p align=\"justify\"><span style=\"font-family: Calibri, sans-serif;\"><span style=\"font-size: medium;\"><span style=\"color: #444444;\">En 1985, un grupo de profesionales de la salud se reuni\u00f3 en Udine, norte de Italia, para discutir sobre el aseguramiento de la calidad en medicina. La mayor\u00eda de los primeros grupos han sido profundamente influenciados por Avedis Donabedian y el enfoque europeo. En el primer consejo ejecutivo de la International Society for Quality in Health Care (ISQua) fue evidente. En 1986, con el liderazgo de Peter Reizenstein como presidente y entonces editor de la revista, la sociedad creci\u00f3 a trav\u00e9s de su programa de la conferencia anual internacional y sus publicaciones.<\/span><\/span><\/span><\/p>\n<p align=\"justify\"><span style=\"font-family: Calibri, sans-serif;\"><span style=\"font-size: medium;\"><span style=\"color: #444444;\">Despu\u00e9s de un proceso internacional en el que se presentaron varias ofertas, en 1995 se decidi\u00f3 establecer la secretar\u00eda de la International Society for Quality in Health Care Inc. (ISQua\u200b) en Australia. Esta sociedad es una organizaci\u00f3n sin \u00e1nimo de lucro, administrada por un Consejo Ejecutivo, que se elige cada dos a\u00f1os. Los miembros regulares del Consejo son de Norteam\u00e9rica, Europa y de la regi\u00f3n de Asia y el Pac\u00edfico.<\/span><\/span><\/span><\/p>\n<p align=\"justify\"><span style=\"color: #444444;\">\u200b<\/span><span style=\"font-family: Calibri, sans-serif;\"><span style=\"font-size: medium;\"><span style=\"color: #444444;\">Hoy en d\u00eda, pa\u00edses como Nueza Zelandia, Jap\u00f3n, Francia, Sud\u00e1frica, Finlandia, Malasia y Argentina, entre otros, han estructurado e implementado sistemas de evaluaci\u00f3n y acreditaci\u00f3n en salud.<\/span><\/span><\/span><\/p>\n","protected":false},"excerpt":{"rendered":"<p>La\u00a0acreditaci\u00f3n\u00a0es un proceso voluntario mediante el cual una organizaci\u00f3n es capaz de medir la calidad de servicios o productos, y el rendimiento de los mismos frente a est\u00e1ndares reconocidos a nivel nacional o internacional. El proceso de acreditaci\u00f3n implica la autoevaluaci\u00f3n de la organizaci\u00f3n, as\u00ed como una evaluaci\u00f3n en detalle por un equipo de expertos &hellip; <a href=\"https:\/\/www.academiadehomeopatia.es\/index.php\/acreditacion\/\" class=\"more-link\">Sigue leyendo <span class=\"screen-reader-text\">Acreditaci\u00f3n<\/span> <span class=\"meta-nav\">&rarr;<\/span><\/a><\/p>\n","protected":false},"author":1,"featured_media":0,"parent":0,"menu_order":6,"comment_status":"closed","ping_status":"closed","template":"","meta":{"spay_email":""},"jetpack_sharing_enabled":true,"jetpack_shortlink":"https:\/\/wp.me\/P9FoSk-95","_links":{"self":[{"href":"https:\/\/www.academiadehomeopatia.es\/index.php\/wp-json\/wp\/v2\/pages\/563"}],"collection":[{"href":"https:\/\/www.academiadehomeopatia.es\/index.php\/wp-json\/wp\/v2\/pages"}],"about":[{"href":"https:\/\/www.academiadehomeopatia.es\/index.php\/wp-json\/wp\/v2\/types\/page"}],"author":[{"embeddable":true,"href":"https:\/\/www.academiadehomeopatia.es\/index.php\/wp-json\/wp\/v2\/users\/1"}],"replies":[{"embeddable":true,"href":"https:\/\/www.academiadehomeopatia.es\/index.php\/wp-json\/wp\/v2\/comments?post=563"}],"version-history":[{"count":1,"href":"https:\/\/www.academiadehomeopatia.es\/index.php\/wp-json\/wp\/v2\/pages\/563\/revisions"}],"predecessor-version":[{"id":565,"href":"https:\/\/www.academiadehomeopatia.es\/index.php\/wp-json\/wp\/v2\/pages\/563\/revisions\/565"}],"wp:attachment":[{"href":"https:\/\/www.academiadehomeopatia.es\/index.php\/wp-json\/wp\/v2\/media?parent=563"}],"curies":[{"name":"wp","href":"https:\/\/api.w.org\/{rel}","templated":true}]}}