{"id":47,"date":"2016-06-02T15:26:29","date_gmt":"2016-06-02T15:26:29","guid":{"rendered":"http:\/\/www.academiadehomeopatia.es\/?page_id=47"},"modified":"2020-10-09T08:45:46","modified_gmt":"2020-10-09T08:45:46","slug":"recursos","status":"publish","type":"page","link":"https:\/\/www.academiadehomeopatia.es\/index.php\/recursos\/","title":{"rendered":"Recursos"},"content":{"rendered":"<p align=\"justify\"><span style=\"color: #141412;\"><span style=\"font-family: 'Source Sans Pro', sans-serif;\"><span style=\"font-size: medium;\">Dice la RAE al respecto de los\u00a0<b>recursos<\/b>\u00a0en su primera acepci\u00f3n<b>:\u00a0<\/b>Conjunto de bienes, riquezas o medios de subsistencia.<\/span><\/span><\/span><\/p>\n<p align=\"justify\"><span style=\"color: #141412;\"><span style=\"font-family: 'Source Sans Pro', sans-serif;\"><span style=\"font-size: medium;\">La wikipedia afirma:\u00a0Un\u00a0<b>recurso<\/b>\u00a0es una fuente o suministro del cual se produce un beneficio.\u00a0Normalmente los recursos son material u otros activos que son transformados para producir beneficio y en el proceso pueden ser consumidos o no estar m\u00e1s disponibles.<\/span><\/span><\/span><\/p>\n<p align=\"justify\"><span style=\"color: #141412;\"><span style=\"font-family: 'Source Sans Pro', sans-serif;\"><span style=\"font-size: medium;\">Un recurso pedag\u00f3gico no puede ser concebido como una soluci\u00f3n \u201cla llave maestra\u201d dada a los profesores\u037e \u00e9ste ser\u00e1 adaptado por cada profesor para su propio uso y esta adaptaci\u00f3n es fuente de un enriquecimiento potencial para otros usuarios\u037e la actualizaci\u00f3n de esta potencialidad supone que los profesores puedan concebir y discutir estos recursos en el marco de comunidades de pr\u00e1ctica (CoP).<\/span><\/span><\/span><\/p>\n<p align=\"justify\"><span style=\"color: #141412;\"><span style=\"font-family: 'Source Sans Pro', sans-serif;\"><span style=\"font-size: medium;\">Est\u00e1n a nuestra disposici\u00f3n, y es un espacio <strong>abierto a todos nuestros asociados<\/strong>. Ser\u00e1n bienvenidos&#8230;<\/span><\/span><\/span><\/p>\n<p align=\"justify\"><span style=\"color: #141412;\"><span style=\"font-family: 'Source Sans Pro', sans-serif;\"><span style=\"font-size: medium;\"><b>\u00a1Llamen a la puerta!<\/b><\/span><\/span><\/span><\/p>\n<p align=\"justify\">\n<p align=\"justify\">\n","protected":false},"excerpt":{"rendered":"<p>Dice la RAE al respecto de los\u00a0recursos\u00a0en su primera acepci\u00f3n:\u00a0Conjunto de bienes, riquezas o medios de subsistencia. La wikipedia afirma:\u00a0Un\u00a0recurso\u00a0es una fuente o suministro del cual se produce un beneficio.\u00a0Normalmente los recursos son material u otros activos que son transformados para producir beneficio y en el proceso pueden ser consumidos o no estar m\u00e1s disponibles. &hellip; <a href=\"https:\/\/www.academiadehomeopatia.es\/index.php\/recursos\/\" class=\"more-link\">Sigue leyendo <span class=\"screen-reader-text\">Recursos<\/span> <span class=\"meta-nav\">&rarr;<\/span><\/a><\/p>\n","protected":false},"author":1,"featured_media":0,"parent":0,"menu_order":5,"comment_status":"closed","ping_status":"closed","template":"","meta":{"spay_email":""},"jetpack_sharing_enabled":true,"jetpack_shortlink":"https:\/\/wp.me\/P9FoSk-L","_links":{"self":[{"href":"https:\/\/www.academiadehomeopatia.es\/index.php\/wp-json\/wp\/v2\/pages\/47"}],"collection":[{"href":"https:\/\/www.academiadehomeopatia.es\/index.php\/wp-json\/wp\/v2\/pages"}],"about":[{"href":"https:\/\/www.academiadehomeopatia.es\/index.php\/wp-json\/wp\/v2\/types\/page"}],"author":[{"embeddable":true,"href":"https:\/\/www.academiadehomeopatia.es\/index.php\/wp-json\/wp\/v2\/users\/1"}],"replies":[{"embeddable":true,"href":"https:\/\/www.academiadehomeopatia.es\/index.php\/wp-json\/wp\/v2\/comments?post=47"}],"version-history":[{"count":9,"href":"https:\/\/www.academiadehomeopatia.es\/index.php\/wp-json\/wp\/v2\/pages\/47\/revisions"}],"predecessor-version":[{"id":1543,"href":"https:\/\/www.academiadehomeopatia.es\/index.php\/wp-json\/wp\/v2\/pages\/47\/revisions\/1543"}],"wp:attachment":[{"href":"https:\/\/www.academiadehomeopatia.es\/index.php\/wp-json\/wp\/v2\/media?parent=47"}],"curies":[{"name":"wp","href":"https:\/\/api.w.org\/{rel}","templated":true}]}}