{"id":45,"date":"2016-06-02T15:28:37","date_gmt":"2016-06-02T15:28:37","guid":{"rendered":"http:\/\/www.academiadehomeopatia.es\/?page_id=45"},"modified":"2020-05-20T10:53:25","modified_gmt":"2020-05-20T10:53:25","slug":"consultorio-medico","status":"publish","type":"page","link":"https:\/\/www.academiadehomeopatia.es\/index.php\/conocenos\/consultorio-medico\/","title":{"rendered":"Consultorio M\u00e9dico"},"content":{"rendered":"<p><img loading=\"lazy\" class=\"alignnone size-medium wp-image-333\" src=\"http:\/\/www.academiadehomeopatia.es\/wp-content\/uploads\/2016\/08\/Consultorio-3-300x106.jpeg\" alt=\"Consultorio 3\" width=\"300\" height=\"106\" srcset=\"https:\/\/www.academiadehomeopatia.es\/wp-content\/uploads\/2016\/08\/Consultorio-3-300x106.jpeg 300w, https:\/\/www.academiadehomeopatia.es\/wp-content\/uploads\/2016\/08\/Consultorio-3-24x8.jpeg 24w, https:\/\/www.academiadehomeopatia.es\/wp-content\/uploads\/2016\/08\/Consultorio-3-36x13.jpeg 36w, https:\/\/www.academiadehomeopatia.es\/wp-content\/uploads\/2016\/08\/Consultorio-3-48x17.jpeg 48w, https:\/\/www.academiadehomeopatia.es\/wp-content\/uploads\/2016\/08\/Consultorio-3.jpeg 372w\" sizes=\"(max-width: 300px) 100vw, 300px\" \/> <img loading=\"lazy\" class=\"alignnone size-full wp-image-332\" src=\"http:\/\/www.academiadehomeopatia.es\/wp-content\/uploads\/2016\/08\/Consultorio-2.jpeg\" alt=\"Consultorio 2\" width=\"218\" height=\"231\" srcset=\"https:\/\/www.academiadehomeopatia.es\/wp-content\/uploads\/2016\/08\/Consultorio-2.jpeg 218w, https:\/\/www.academiadehomeopatia.es\/wp-content\/uploads\/2016\/08\/Consultorio-2-24x24.jpeg 24w, https:\/\/www.academiadehomeopatia.es\/wp-content\/uploads\/2016\/08\/Consultorio-2-34x36.jpeg 34w, https:\/\/www.academiadehomeopatia.es\/wp-content\/uploads\/2016\/08\/Consultorio-2-45x48.jpeg 45w\" sizes=\"(max-width: 218px) 100vw, 218px\" \/><\/p>\n<p dir=\"ltr\" style=\"text-align: justify;\">Sin perder de vista que la consulta cara a cara con el m\u00e9dico es sagrada, crece de manera sostenida en el mundo, y m\u00e1s lentamente en Espa\u00f1a, la tendencia a las consultas m\u00e9dicas <em>online<\/em>.<\/p>\n<p dir=\"ltr\" style=\"text-align: justify;\">En el mundo la cuesti\u00f3n est\u00e1 m\u00e1s desarrollada y poco a poco se han llegado a multiplicar las consultas en l\u00ednea porque culturalmente los pacientes incorporaron la idea de alternar al m\u00e9dico \u00aben vivo\u00bb con el seguimiento <em>online<\/em> de su enfermedad, sobre todo si estos son cr\u00f3nicos.<\/p>\n<p dir=\"ltr\" style=\"text-align: justify;\">Desde nuestro punto de vista la tendencia responde m\u00e1s a las necesidades de nuestros pacientes cuando viven lejos y del mismo modo a ganar tiempo y efectividad en los tratamientos cr\u00f3nicos y sobre todo a que no se acumulen pacientes sanos en las salas de espera de las consultas.<\/p>\n<p dir=\"ltr\" style=\"text-align: justify;\"><b>Salud m\u00e1s democr\u00e1tica <\/b><\/p>\n<p dir=\"ltr\" style=\"text-align: justify;\">Estados Unidos lidera la tendencia de consultas m\u00e9dicas <em>online<\/em> en pacientes que no son de emergencia ni agudos. En los pa\u00edses donde el acceso a la salud privada y de calidad es restrictivo debido a los altos costos y la salud p\u00fablica est\u00e1 descontrolada envuelta en esperas interminables y falta de seguimiento de los pacientes, la modalidad <em>online<\/em> aparece para ambos lados del mostrador -pacientes y profesionales- como una esperanza democratizadora.<\/p>\n<p dir=\"ltr\" style=\"text-align: justify;\">Como declar\u00f3 a la revista <i>Time<\/i>, Murray Aitken, director ejecutivo del Instituto IMS, consultora global de salud, \u00abvamos a ver un gran cambio sobre c\u00f3mo y d\u00f3nde se practica la medicina\u00bb. La clave, asegur\u00f3, es mantener el equilibrio y usar la \u00abcibermedicina\u00bb para reemplazar visitas innecesarias al consultorio.<\/p>\n","protected":false},"excerpt":{"rendered":"<p>Sin perder de vista que la consulta cara a cara con el m\u00e9dico es sagrada, crece de manera sostenida en el mundo, y m\u00e1s lentamente en Espa\u00f1a, la tendencia a las consultas m\u00e9dicas online. En el mundo la cuesti\u00f3n est\u00e1 m\u00e1s desarrollada y poco a poco se han llegado a multiplicar las consultas en l\u00ednea &hellip; <a href=\"https:\/\/www.academiadehomeopatia.es\/index.php\/conocenos\/consultorio-medico\/\" class=\"more-link\">Sigue leyendo <span class=\"screen-reader-text\">Consultorio M\u00e9dico<\/span> <span class=\"meta-nav\">&rarr;<\/span><\/a><\/p>\n","protected":false},"author":1,"featured_media":0,"parent":39,"menu_order":0,"comment_status":"closed","ping_status":"closed","template":"","meta":{"spay_email":""},"jetpack_sharing_enabled":true,"jetpack_shortlink":"https:\/\/wp.me\/P9FoSk-J","_links":{"self":[{"href":"https:\/\/www.academiadehomeopatia.es\/index.php\/wp-json\/wp\/v2\/pages\/45"}],"collection":[{"href":"https:\/\/www.academiadehomeopatia.es\/index.php\/wp-json\/wp\/v2\/pages"}],"about":[{"href":"https:\/\/www.academiadehomeopatia.es\/index.php\/wp-json\/wp\/v2\/types\/page"}],"author":[{"embeddable":true,"href":"https:\/\/www.academiadehomeopatia.es\/index.php\/wp-json\/wp\/v2\/users\/1"}],"replies":[{"embeddable":true,"href":"https:\/\/www.academiadehomeopatia.es\/index.php\/wp-json\/wp\/v2\/comments?post=45"}],"version-history":[{"count":11,"href":"https:\/\/www.academiadehomeopatia.es\/index.php\/wp-json\/wp\/v2\/pages\/45\/revisions"}],"predecessor-version":[{"id":1510,"href":"https:\/\/www.academiadehomeopatia.es\/index.php\/wp-json\/wp\/v2\/pages\/45\/revisions\/1510"}],"up":[{"embeddable":true,"href":"https:\/\/www.academiadehomeopatia.es\/index.php\/wp-json\/wp\/v2\/pages\/39"}],"wp:attachment":[{"href":"https:\/\/www.academiadehomeopatia.es\/index.php\/wp-json\/wp\/v2\/media?parent=45"}],"curies":[{"name":"wp","href":"https:\/\/api.w.org\/{rel}","templated":true}]}}