{"id":39,"date":"2016-05-31T15:41:37","date_gmt":"2016-05-31T15:41:37","guid":{"rendered":"http:\/\/www.academiadehomeopatia.es\/?page_id=39"},"modified":"2022-04-27T15:09:17","modified_gmt":"2022-04-27T15:09:17","slug":"conocenos","status":"publish","type":"page","link":"https:\/\/www.academiadehomeopatia.es\/index.php\/conocenos\/","title":{"rendered":"Con\u00f3cenos"},"content":{"rendered":"<p class=\"font_7\"><div id=\"lmm_2ce8773d\" style=\"width:640px;\" class=\"mapsmarker markermap marker-1\">\n<div id=\"lmm_panel_2ce8773d\" class=\"lmm-panel\" style=\"background:#efefef;\">\n<div id=\"lmm_panel_api_2ce8773d\" class=\"lmm-panel-api\"><a href=\"https:\/\/maps.google.com\/maps?daddr=Ponferrada++Castilla+y+Le%C3%B3n%2C+Espa%C3%B1a&amp;t=m&amp;layer=1&amp;doflg=ptk&amp;om=0\" target=\"_blank\" title=\"Obtener indicaciones\"><img alt=\"icon-car.png\" src=\"https:\/\/www.academiadehomeopatia.es\/wp-content\/plugins\/leaflet-maps-marker\/inc\/img\/icon-car.png\" width=\"14\" height=\"14\" class=\"lmm-panel-api-images\" \/><\/a><\/div><div id=\"lmm_panel_text_2ce8773d\" class=\"lmm-panel-text\" style=\"font-weight:bold;color:#373737;\">Academia de Homeopat\u00eda<\/div><\/div>\n<div id=\"lmm_map_2ce8773d\" class=\"lmm-map\" style=\"background:#f6f6f6;border:1px solid #ccc;height:480px; overflow:hidden;padding:0;\"><p style=\"font-size:80%;color:#9f9e9e;margin-left:5px;\">cargando mapa - por favor, espere...<noscript><br\/><strong>El mapa no ha podido ser cargado - por favor, \u00a1active Javascript!<\/strong><br\/><a style=\"text-decoration:none;\" href=\"https:\/\/www.mapsmarker.com\/js-disabled\" target=\"_blank\">&rarr; m\u00e1s informaci\u00f3n<\/a><\/noscript><\/p><\/div>\n<div id=\"lmm_geo_tags_2ce8773d\" class=\"lmm-geo-tags geo\">\n<span class=\"paneltext\">Academia de Homeopat\u00eda<\/span>\n<span class=\"latitude\">42.548712<\/span>, <span class=\"longitude\">-6.597918<\/span>\n<span class=\"popuptext\"><\/span>\n<\/div>\n<\/div><\/p>\n<h5 class=\"font_7\" style=\"text-align: center;\"><span style=\"text-decoration: underline;\">Utiliza el formulario de contacto y en breve te responderemos<\/span><\/h5>\n<p class=\"font_7\"><div role=\"form\" class=\"wpcf7\" id=\"wpcf7-f108-o1\" lang=\"es-ES\" dir=\"ltr\">\n<div class=\"screen-reader-response\"><p role=\"status\" aria-live=\"polite\" aria-atomic=\"true\"><\/p> <ul><\/ul><\/div>\n<form action=\"\/index.php\/wp-json\/wp\/v2\/pages\/39#wpcf7-f108-o1\" method=\"post\" class=\"wpcf7-form init\" novalidate=\"novalidate\" data-status=\"init\">\n<div style=\"display: none;\">\n<input type=\"hidden\" name=\"_wpcf7\" value=\"108\" \/>\n<input type=\"hidden\" name=\"_wpcf7_version\" value=\"5.3.2\" \/>\n<input type=\"hidden\" name=\"_wpcf7_locale\" value=\"es_ES\" \/>\n<input type=\"hidden\" name=\"_wpcf7_unit_tag\" value=\"wpcf7-f108-o1\" \/>\n<input type=\"hidden\" name=\"_wpcf7_container_post\" value=\"0\" \/>\n<input type=\"hidden\" name=\"_wpcf7_posted_data_hash\" value=\"\" \/>\n<\/div>\n<p>Nombre (requerido)<br \/>\n    <span class=\"wpcf7-form-control-wrap your-name\"><input type=\"text\" name=\"your-name\" value=\"\" size=\"40\" class=\"wpcf7-form-control wpcf7-text wpcf7-validates-as-required\" aria-required=\"true\" aria-invalid=\"false\" \/><\/span> <\/p>\n<p>Correo electr\u00f3nico (requerido)<br \/>\n    <span class=\"wpcf7-form-control-wrap your-email\"><input type=\"email\" name=\"your-email\" value=\"\" size=\"40\" class=\"wpcf7-form-control wpcf7-text wpcf7-email wpcf7-validates-as-required wpcf7-validates-as-email\" aria-required=\"true\" aria-invalid=\"false\" \/><\/span> <\/p>\n<p>Asunto<br \/>\n    <span class=\"wpcf7-form-control-wrap your-subject\"><input type=\"text\" name=\"your-subject\" value=\"\" size=\"40\" class=\"wpcf7-form-control wpcf7-text\" aria-invalid=\"false\" \/><\/span> <\/p>\n<p>Mensaje<br \/>\n    <span class=\"wpcf7-form-control-wrap your-message\"><textarea name=\"your-message\" cols=\"40\" rows=\"10\" class=\"wpcf7-form-control wpcf7-textarea\" aria-invalid=\"false\"><\/textarea><\/span> <\/p>\n<p><input type=\"submit\" value=\"Enviar\" class=\"wpcf7-form-control wpcf7-submit\" \/><\/p>\n<div class=\"wpcf7-response-output\" aria-hidden=\"true\"><\/div><\/form><\/div><\/p>\n<h5 class=\"font_7\" style=\"text-align: center;\"><span style=\"text-decoration: underline;\">Si quieres asociarte, rellena el siguiente formulario y env\u00edalo por correo postal o al correo electr\u00f3nico: academiadehomeopatia@gmail.com<\/span><\/h5>\n<h4 style=\"text-align: center;\"><a href=\"http:\/\/www.academiadehomeopatia.es\/wp-content\/uploads\/2022\/04\/Formulario-de-inscripcion-en-la-Academia.pdf\" target=\"_blank\" rel=\"noopener noreferrer\">Formulario de inscripci\u00f3n en la Academia<\/a><\/h4>\n<pre>Correo electr\u00f3nico: <u>info@academiadehomeopatia.es<\/u>\r\n\r\nLe indicamos que tratamos la informaci\u00f3n que nos facilita con el fin de prestarle el servicio solicitado. Los datos proporcionados se conservar\u00e1n mientras se mantenga la relaci\u00f3n comercial o durante los a\u00f1os necesarios para cumplir con las obligaciones legales. Los datos no se ceder\u00e1n a terceros salvo en los casos en que exista una obligaci\u00f3n legal, ni se elaborar\u00e1 ning\u00fan tipo de \u201cperfil\u201d en base a la informaci\u00f3n facilitada ni se tomar\u00e1n decisiones automatizadas en base a perfiles.\r\n\r\nUsted\u00a0 podr\u00e1 ejercer los derechos de acceso, rectificaci\u00f3n, cancelaci\u00f3n, supresi\u00f3n, oposici\u00f3n, limitaci\u00f3n del tratamiento, portabilidad de datos y a no ser objeto de decisiones individualizadas, automatizadas, en relaci\u00f3n con los datos objeto del tratamiento, ante el responsable del tratamiento en la direcci\u00f3n anteriormente mencionada.\r\n\r\nEn caso de que no haya obtenido satisfacci\u00f3n en el ejercicio de sus derechos, puede presentar una reclamaci\u00f3n ante la <em>Autoridad de Control en materia Protecci\u00f3n de Datos competente, <\/em>siendo \u00e9sta la <em>Agencia Espa\u00f1ola de Protecci\u00f3n de Datos<\/em>, y cuyos datos de contacto est\u00e1n accesibles en <a href=\"https:\/\/sedeagpd.gob.es\/sede-electronica-web\/vistas\/formNuevaReclamacion\/reclamacion.jsf\">https:\/\/sedeagpd.gob.es\/sede-electronica-web\/vistas\/formNuevaReclamacion\/reclamacion.jsf<\/a>\u201d.<\/pre>\n","protected":false},"excerpt":{"rendered":"<p>Utiliza el formulario de contacto y en breve te responderemos Si quieres asociarte, rellena el siguiente formulario y env\u00edalo por correo postal o al correo electr\u00f3nico: academiadehomeopatia@gmail.com Formulario de inscripci\u00f3n en la Academia Correo electr\u00f3nico: info@academiadehomeopatia.es Le indicamos que tratamos la informaci\u00f3n que nos facilita con el fin de prestarle el servicio solicitado. Los datos &hellip; <a href=\"https:\/\/www.academiadehomeopatia.es\/index.php\/conocenos\/\" class=\"more-link\">Sigue leyendo <span class=\"screen-reader-text\">Con\u00f3cenos<\/span> <span class=\"meta-nav\">&rarr;<\/span><\/a><\/p>\n","protected":false},"author":1,"featured_media":0,"parent":0,"menu_order":1,"comment_status":"closed","ping_status":"closed","template":"","meta":{"spay_email":""},"jetpack_sharing_enabled":true,"jetpack_shortlink":"https:\/\/wp.me\/P9FoSk-D","_links":{"self":[{"href":"https:\/\/www.academiadehomeopatia.es\/index.php\/wp-json\/wp\/v2\/pages\/39"}],"collection":[{"href":"https:\/\/www.academiadehomeopatia.es\/index.php\/wp-json\/wp\/v2\/pages"}],"about":[{"href":"https:\/\/www.academiadehomeopatia.es\/index.php\/wp-json\/wp\/v2\/types\/page"}],"author":[{"embeddable":true,"href":"https:\/\/www.academiadehomeopatia.es\/index.php\/wp-json\/wp\/v2\/users\/1"}],"replies":[{"embeddable":true,"href":"https:\/\/www.academiadehomeopatia.es\/index.php\/wp-json\/wp\/v2\/comments?post=39"}],"version-history":[{"count":33,"href":"https:\/\/www.academiadehomeopatia.es\/index.php\/wp-json\/wp\/v2\/pages\/39\/revisions"}],"predecessor-version":[{"id":1701,"href":"https:\/\/www.academiadehomeopatia.es\/index.php\/wp-json\/wp\/v2\/pages\/39\/revisions\/1701"}],"wp:attachment":[{"href":"https:\/\/www.academiadehomeopatia.es\/index.php\/wp-json\/wp\/v2\/media?parent=39"}],"curies":[{"name":"wp","href":"https:\/\/api.w.org\/{rel}","templated":true}]}}