{"id":2,"date":"2016-05-26T17:33:07","date_gmt":"2016-05-26T17:33:07","guid":{"rendered":"http:\/\/www.academiadehomeopatia.es\/?page_id=2"},"modified":"2026-02-04T12:05:16","modified_gmt":"2026-02-04T12:05:16","slug":"pagina-ejemplo","status":"publish","type":"page","link":"https:\/\/www.academiadehomeopatia.es\/","title":{"rendered":"Inicio"},"content":{"rendered":"<h3 align=\"left\"><a href=\"http:\/\/www.academiadehomeopatia.es\/wp-content\/uploads\/2026\/02\/Folleto-CUENCA-2026-1.pdf\" target=\"_blank\" rel=\"noopener noreferrer\">Seminario Euphorbiaceas en Cuenca<\/a><\/h3>\n<h2 style=\"text-align: left;\" align=\"center\"><a href=\"http:\/\/www.academiadehomeopatia.es\/wp-content\/uploads\/2026\/02\/Folleto-CUENCA-2026-1.pdf\" target=\"_blank\" rel=\"noopener noreferrer\"><img loading=\"lazy\" class=\"alignnone wp-image-2123\" src=\"http:\/\/www.academiadehomeopatia.es\/wp-content\/uploads\/2026\/02\/Cuenca-185x300.png\" alt=\"\" width=\"212\" height=\"343\" srcset=\"https:\/\/www.academiadehomeopatia.es\/wp-content\/uploads\/2026\/02\/Cuenca-185x300.png 185w, https:\/\/www.academiadehomeopatia.es\/wp-content\/uploads\/2026\/02\/Cuenca-300x487.png 300w, https:\/\/www.academiadehomeopatia.es\/wp-content\/uploads\/2026\/02\/Cuenca.png 495w\" sizes=\"(max-width: 212px) 100vw, 212px\" \/><\/a><\/h2>\n<h4 style=\"text-align: left;\" align=\"center\"><font color=\"#339966\"> <a href=\"https:\/\/www.paraemocionarte.com\/tienda\/\" target=\"_blank\" rel=\"noopener noreferrer\">Nuevo N\u00famero de Cuadernos de Homeopat\u00eda<\/a><\/font><\/h4>\n<p><a href=\"https:\/\/www.paraemocionarte.com\/tienda\/\"><img loading=\"lazy\" class=\"alignnone size-medium wp-image-1787\" src=\"http:\/\/www.academiadehomeopatia.es\/wp-content\/uploads\/2024\/01\/Cuadernos-22-Portada-212x300.png\" alt=\"\" width=\"212\" height=\"300\" srcset=\"https:\/\/www.academiadehomeopatia.es\/wp-content\/uploads\/2024\/01\/Cuadernos-22-Portada-212x300.png 212w, https:\/\/www.academiadehomeopatia.es\/wp-content\/uploads\/2024\/01\/Cuadernos-22-Portada-300x425.png 300w, https:\/\/www.academiadehomeopatia.es\/wp-content\/uploads\/2024\/01\/Cuadernos-22-Portada.png 549w\" sizes=\"(max-width: 212px) 100vw, 212px\" \/><\/a><\/p>\n<p>&nbsp;<\/p>\n<h2 style=\"text-align: left;\"><span style=\"text-decoration: underline;\"><strong>La Academia<\/strong><\/span><\/h2>\n<p class=\"font_8\" style=\"text-align: justify;\">Plat\u00f3n, en la Antig\u00fcedad, fund\u00f3 <span style=\"color: #000000;\"><strong>La Academia<\/strong><\/span>, realmente era su escuela y estaba ubicada sobre los terrenos del jard\u00edn de Akademos (de ah\u00ed, como puede sospechar sabiamente, deriva su nombre), estaban dedicados al h\u00e9roe Akademos.<\/p>\n<p class=\"font_8\" style=\"text-align: justify;\">En este lugar se reun\u00edan casi diariamente los distintos fil\u00f3sofos considerados como plat\u00f3nicos y sus disc\u00edpulos.\u00a0La fund\u00f3, seg\u00fan nos se\u00f1alan las fuentes originales, aproximadamente en el a\u00f1o 387 a. C., despu\u00e9s de regresar de un viaje que realiz\u00f3 a Sicilia, Italia y Egipto. En ella se ense\u00f1aban distintas materias, tales como m\u00fasica, matem\u00e1ticas, astronom\u00eda, medicina\u2026 y, c\u00f3mo no, filosof\u00eda.<\/p>\n<p class=\"font_8\" style=\"text-align: justify;\">Con ello, y desde el momento de su aparici\u00f3n, fue considerada como una de las escuelas m\u00e1s importantes de toda Grecia.<\/p>\n<p class=\"font_8\" style=\"text-align: justify;\">Emular a La Academia ser\u00e1 harto complicado, supondr\u00e1 un esfuerzo \u00edmprobo, y nos adentrar\u00e1 en el mundo del conocimiento, de la reflexi\u00f3n, del estudio, de la investigaci\u00f3n, de la docencia, de la formaci\u00f3n&#8230;<\/p>\n<h5 class=\"font_8\" style=\"text-align: left;\">\u00a1Estos son nuestros retos!<\/h5>\n<p>&nbsp;<\/p>\n","protected":false},"excerpt":{"rendered":"<p>Seminario Euphorbiaceas en Cuenca Nuevo N\u00famero de Cuadernos de Homeopat\u00eda &nbsp; La Academia Plat\u00f3n, en la Antig\u00fcedad, fund\u00f3 La Academia, realmente era su escuela y estaba ubicada sobre los terrenos del jard\u00edn de Akademos (de ah\u00ed, como puede sospechar sabiamente, deriva su nombre), estaban dedicados al h\u00e9roe Akademos. En este lugar se reun\u00edan casi diariamente &hellip; <a href=\"https:\/\/www.academiadehomeopatia.es\/\" class=\"more-link\">Sigue leyendo <span class=\"screen-reader-text\">Inicio<\/span> <span class=\"meta-nav\">&rarr;<\/span><\/a><\/p>\n","protected":false},"author":1,"featured_media":0,"parent":0,"menu_order":0,"comment_status":"closed","ping_status":"closed","template":"","meta":{"spay_email":""},"jetpack_sharing_enabled":true,"jetpack_shortlink":"https:\/\/wp.me\/P9FoSk-2","_links":{"self":[{"href":"https:\/\/www.academiadehomeopatia.es\/index.php\/wp-json\/wp\/v2\/pages\/2"}],"collection":[{"href":"https:\/\/www.academiadehomeopatia.es\/index.php\/wp-json\/wp\/v2\/pages"}],"about":[{"href":"https:\/\/www.academiadehomeopatia.es\/index.php\/wp-json\/wp\/v2\/types\/page"}],"author":[{"embeddable":true,"href":"https:\/\/www.academiadehomeopatia.es\/index.php\/wp-json\/wp\/v2\/users\/1"}],"replies":[{"embeddable":true,"href":"https:\/\/www.academiadehomeopatia.es\/index.php\/wp-json\/wp\/v2\/comments?post=2"}],"version-history":[{"count":89,"href":"https:\/\/www.academiadehomeopatia.es\/index.php\/wp-json\/wp\/v2\/pages\/2\/revisions"}],"predecessor-version":[{"id":2125,"href":"https:\/\/www.academiadehomeopatia.es\/index.php\/wp-json\/wp\/v2\/pages\/2\/revisions\/2125"}],"wp:attachment":[{"href":"https:\/\/www.academiadehomeopatia.es\/index.php\/wp-json\/wp\/v2\/media?parent=2"}],"curies":[{"name":"wp","href":"https:\/\/api.w.org\/{rel}","templated":true}]}}